{"id":10,"date":"2024-09-25T13:00:18","date_gmt":"2024-09-25T13:00:18","guid":{"rendered":"https:\/\/www.musso.louisst.o2switch.site\/blog\/?page_id=10"},"modified":"2024-11-20T12:25:48","modified_gmt":"2024-11-20T12:25:48","slug":"accueil","status":"publish","type":"page","link":"https:\/\/www.musso.louisst.o2switch.site\/blog\/","title":{"rendered":"Accueil"},"content":{"rendered":"\n<p>Bienvenue sur mon site ! Je m\u2019appelle Audrey MUSSO, je suis ravie de vous accueillir dans cet espace qui refl\u00e8te mes passions et mon parcours professionnel.<\/p>\n\n\n\n<p>Ce site est un lieu de partage, d\u00e9di\u00e9 \u00e0 deux de mes grandes passions : les voyages et la musique. Les voyages occupent une place centrale dans ma vie. Chaque destination est une nouvelle aventure qui m&rsquo;inspire et me permet de comprendre le monde sous des angles diff\u00e9rents. \u00c0 travers mes r\u00e9cits de voyage, je souhaite vous faire d\u00e9couvrir des lieux insolites, des traditions fascinantes. Mon objectif est de vous inciter \u00e0 explorer, \u00e0 sortir des sentiers battus et \u00e0 vivre des exp\u00e9riences uniques.<\/p>\n\n\n\n<p>La musique, quant \u00e0 elle, est le langage universel qui r\u00e9sonne en chacun de nous. Que ce soit \u00e0 travers la d\u00e9couverte de nouveaux artistes, l&rsquo;exploration de genres vari\u00e9s ou l&rsquo;apprentissage d&rsquo;un instrument, la musique est une source d&rsquo;\u00e9motion et de cr\u00e9ativit\u00e9. Sur ce site, vous trouverez des critiques d&rsquo;albums, des playlists th\u00e9matiques et des articles sur des festivals de musique \u00e0 travers le monde.<\/p>\n\n\n\n<p>En somme, ce site est une invitation \u00e0 voyager avec moi \u00e0 travers ces deux passions qui nourrissent mon \u00e2me. J&rsquo;esp\u00e8re que vous y trouverez de l&rsquo;inspiration et des id\u00e9es pour vos propres aventures !<\/p>\n\n\n\n<figure class=\"wp-block-image size-large\"><img loading=\"lazy\" decoding=\"async\" width=\"1240\" height=\"930\" src=\"https:\/\/www.musso.louisst.o2switch.site\/blog\/wp-content\/uploads\/2024\/10\/IMG_6050-edited.jpg\" alt=\"\" class=\"wp-image-105\" srcset=\"https:\/\/www.musso.louisst.o2switch.site\/blog\/wp-content\/uploads\/2024\/10\/IMG_6050-edited.jpg 1240w, https:\/\/www.musso.louisst.o2switch.site\/blog\/wp-content\/uploads\/2024\/10\/IMG_6050-edited-300x225.jpg 300w, https:\/\/www.musso.louisst.o2switch.site\/blog\/wp-content\/uploads\/2024\/10\/IMG_6050-edited-1024x768.jpg 1024w, https:\/\/www.musso.louisst.o2switch.site\/blog\/wp-content\/uploads\/2024\/10\/IMG_6050-edited-768x576.jpg 768w\" sizes=\"auto, (max-width: 1240px) 100vw, 1240px\" \/><\/figure>\n\n\n\n<p>MUSSO<\/p>\n\n\n\n<p>Audrey<\/p>\n\n\n\n<p>a.musso@slsb.fr<\/p>\n\n\n\n<div class=\"wp-block-comments\">\n\n\t<div id=\"respond\" class=\"comment-respond wp-block-post-comments-form\">\n\t\t<h3 id=\"reply-title\" class=\"comment-reply-title\">Laisser un commentaire <small><a rel=\"nofollow\" id=\"cancel-comment-reply-link\" href=\"\/blog\/wp-json\/wp\/v2\/pages\/10#respond\" style=\"display:none;\">Annuler la r\u00e9ponse<\/a><\/small><\/h3><form action=\"https:\/\/www.musso.louisst.o2switch.site\/blog\/wp-comments-post.php\" method=\"post\" id=\"commentform\" class=\"comment-form\"><p class=\"comment-notes\"><span id=\"email-notes\">Votre adresse e-mail ne sera pas publi\u00e9e.<\/span> <span class=\"required-field-message\">Les champs obligatoires sont indiqu\u00e9s avec <span class=\"required\">*<\/span><\/span><\/p><p class=\"comment-form-comment\"><label for=\"comment\">Commentaire <span class=\"required\">*<\/span><\/label> <textarea id=\"comment\" name=\"comment\" cols=\"45\" rows=\"8\" maxlength=\"65525\" required=\"required\"><\/textarea><\/p><div class=\"ast-comment-formwrap ast-row\">\n\t\t\t<p class=\"comment-form-author ast-grid-common-col ast-width-lg-33 ast-width-md-4 ast-float\">\n\t\t\t\t<label for=\"author\" class=\"screen-reader-text\">Nom*<\/label>\n\t\t\t\t<input id=\"author\" name=\"author\" type=\"text\" \n\t\t\t\t\tvalue=\"\" \n\t\t\t\t\tplaceholder=\"Nom*\" \n\t\t\t\t\tsize=\"30\" aria-required='true' autocomplete=\"name\" \/>\n\t\t\t<\/p>\n<p class=\"comment-form-email ast-grid-common-col ast-width-lg-33 ast-width-md-4 ast-float\">\n\t\t\t<label for=\"email\" class=\"screen-reader-text\">E-mail*<\/label>\n\t\t\t<input id=\"email\" name=\"email\" type=\"text\" \n\t\t\t\tvalue=\"\" \n\t\t\t\tplaceholder=\"E-mail*\" \n\t\t\t\tsize=\"30\" aria-required='true' autocomplete=\"email\" \/>\n\t\t<\/p>\n<p class=\"comment-form-url ast-grid-common-col ast-width-lg-33 ast-width-md-4 ast-float\">\n\t\t\t<label for=\"url\" class=\"screen-reader-text\">Site<\/label>\n\t\t\t<input id=\"url\" name=\"url\" type=\"text\" \n\t\t\t\tvalue=\"\" \n\t\t\t\tplaceholder=\"Site\" \n\t\t\t\tsize=\"30\" autocomplete=\"url\" \/>\n\t\t<\/p>\n\t\t<\/div>\n<p class=\"comment-form-cookies-consent\"><input id=\"wp-comment-cookies-consent\" name=\"wp-comment-cookies-consent\" type=\"checkbox\" value=\"yes\" \/> <label for=\"wp-comment-cookies-consent\">Enregistrer mon nom, mon e-mail et mon site dans le navigateur pour mon prochain commentaire.<\/label><\/p>\n<p class=\"form-submit\"><input name=\"submit\" type=\"submit\" id=\"submit\" class=\"submit\" value=\"Laisser un commentaire\" \/> <input type='hidden' name='comment_post_ID' value='10' id='comment_post_ID' \/>\n<input type='hidden' name='comment_parent' id='comment_parent' value='0' \/>\n<\/p><\/form>\t<\/div><!-- #respond -->\n\t<\/div>\n\n\n\n<p><\/p>\n","protected":false},"excerpt":{"rendered":"<p>Bienvenue sur mon site ! Je m\u2019appelle Audrey MUSSO, je suis ravie de vous accueillir dans cet espace qui refl\u00e8te [&hellip;]<\/p>\n","protected":false},"author":1,"featured_media":0,"parent":0,"menu_order":0,"comment_status":"open","ping_status":"closed","template":"","meta":{"_uag_custom_page_level_css":"","site-sidebar-layout":"default","site-content-layout":"","ast-site-content-layout":"default","site-content-style":"default","site-sidebar-style":"default","ast-global-header-display":"","ast-banner-title-visibility":"","ast-main-header-display":"","ast-hfb-above-header-display":"","ast-hfb-below-header-display":"","ast-hfb-mobile-header-display":"","site-post-title":"","ast-breadcrumbs-content":"","ast-featured-img":"","footer-sml-layout":"","theme-transparent-header-meta":"","adv-header-id-meta":"","stick-header-meta":"","header-above-stick-meta":"","header-main-stick-meta":"","header-below-stick-meta":"","astra-migrate-meta-layouts":"default","ast-page-background-enabled":"default","ast-page-background-meta":{"desktop":{"background-color":"var(--ast-global-color-4)","background-image":"","background-repeat":"repeat","background-position":"center center","background-size":"auto","background-attachment":"scroll","background-type":"","background-media":"","overlay-type":"","overlay-color":"","overlay-opacity":"","overlay-gradient":""},"tablet":{"background-color":"","background-image":"","background-repeat":"repeat","background-position":"center center","background-size":"auto","background-attachment":"scroll","background-type":"","background-media":"","overlay-type":"","overlay-color":"","overlay-opacity":"","overlay-gradient":""},"mobile":{"background-color":"","background-image":"","background-repeat":"repeat","background-position":"center center","background-size":"auto","background-attachment":"scroll","background-type":"","background-media":"","overlay-type":"","overlay-color":"","overlay-opacity":"","overlay-gradient":""}},"ast-content-background-meta":{"desktop":{"background-color":"var(--ast-global-color-5)","background-image":"","background-repeat":"repeat","background-position":"center center","background-size":"auto","background-attachment":"scroll","background-type":"","background-media":"","overlay-type":"","overlay-color":"","overlay-opacity":"","overlay-gradient":""},"tablet":{"background-color":"var(--ast-global-color-5)","background-image":"","background-repeat":"repeat","background-position":"center center","background-size":"auto","background-attachment":"scroll","background-type":"","background-media":"","overlay-type":"","overlay-color":"","overlay-opacity":"","overlay-gradient":""},"mobile":{"background-color":"var(--ast-global-color-5)","background-image":"","background-repeat":"repeat","background-position":"center center","background-size":"auto","background-attachment":"scroll","background-type":"","background-media":"","overlay-type":"","overlay-color":"","overlay-opacity":"","overlay-gradient":""}},"footnotes":""},"class_list":["post-10","page","type-page","status-publish","hentry"],"uagb_featured_image_src":{"full":false,"thumbnail":false,"medium":false,"medium_large":false,"large":false,"1536x1536":false,"2048x2048":false},"uagb_author_info":{"display_name":"admin","author_link":"https:\/\/www.musso.louisst.o2switch.site\/blog\/author\/admin\/"},"uagb_comment_info":0,"uagb_excerpt":"Bienvenue sur mon site ! Je m\u2019appelle Audrey MUSSO, je suis ravie de vous accueillir dans cet espace qui refl\u00e8te [&hellip;]","_links":{"self":[{"href":"https:\/\/www.musso.louisst.o2switch.site\/blog\/wp-json\/wp\/v2\/pages\/10","targetHints":{"allow":["GET"]}}],"collection":[{"href":"https:\/\/www.musso.louisst.o2switch.site\/blog\/wp-json\/wp\/v2\/pages"}],"about":[{"href":"https:\/\/www.musso.louisst.o2switch.site\/blog\/wp-json\/wp\/v2\/types\/page"}],"author":[{"embeddable":true,"href":"https:\/\/www.musso.louisst.o2switch.site\/blog\/wp-json\/wp\/v2\/users\/1"}],"replies":[{"embeddable":true,"href":"https:\/\/www.musso.louisst.o2switch.site\/blog\/wp-json\/wp\/v2\/comments?post=10"}],"version-history":[{"count":6,"href":"https:\/\/www.musso.louisst.o2switch.site\/blog\/wp-json\/wp\/v2\/pages\/10\/revisions"}],"predecessor-version":[{"id":132,"href":"https:\/\/www.musso.louisst.o2switch.site\/blog\/wp-json\/wp\/v2\/pages\/10\/revisions\/132"}],"wp:attachment":[{"href":"https:\/\/www.musso.louisst.o2switch.site\/blog\/wp-json\/wp\/v2\/media?parent=10"}],"curies":[{"name":"wp","href":"https:\/\/api.w.org\/{rel}","templated":true}]}}