{"id":17,"date":"2024-09-25T13:01:26","date_gmt":"2024-09-25T13:01:26","guid":{"rendered":"https:\/\/www.musso.louisst.o2switch.site\/blog\/?page_id=17"},"modified":"2024-11-11T13:51:45","modified_gmt":"2024-11-11T13:51:45","slug":"projet-professionnel","status":"publish","type":"page","link":"https:\/\/www.musso.louisst.o2switch.site\/blog\/projet-professionnel\/","title":{"rendered":"Projet professionnel"},"content":{"rendered":"\n<p>Je m&rsquo;appelle Audrey MUSSO et je suis actuellement en pr\u00e9paration du BTS NDRC (N\u00e9gociation et Digitalisation de la Relation Client). Ce projet professionnel repr\u00e9sente pour moi une \u00e9tape cruciale dans mon parcours acad\u00e9mique et futur m\u00e9tier. Mon objectif est d&rsquo;acqu\u00e9rir des comp\u00e9tences solides en mati\u00e8re de n\u00e9gociation, de gestion de la relation client et d&rsquo;utilisation des outils num\u00e9riques, qui sont essentiels dans le monde commercial d&rsquo;aujourd&rsquo;hui.<\/p>\n\n\n\n<p>Apr\u00e8s l&rsquo;obtention de mon BTS, je souhaite poursuivre mes \u00e9tudes dans une \u00e9cole de commerce pour obtenir un Master. Cette formation me permettra de me sp\u00e9cialiser davantage dans des domaines tels que le marketing, la gestion de projet et le commerce international. Je suis convaincue que cette combinaison de formations me fournira une vision globale du secteur et me pr\u00e9parera \u00e0 relever les d\u00e9fis du march\u00e9.<\/p>\n\n\n\n<p>Mon ambition est de devenir une professionnelle comp\u00e9tente et polyvalente, capable de s&rsquo;adapter aux \u00e9volutions du secteur. Je suis particuli\u00e8rement int\u00e9ress\u00e9e par les nouvelles technologies et leur impact sur la relation client, ce qui me motive \u00e0 me former en continu. Je suis impatiente de mettre en pratique mes connaissances et d&rsquo;apporter une valeur ajout\u00e9e \u00e0 une entreprise dynamique.<\/p>\n\n\n\n<figure class=\"wp-block-embed is-type-video is-provider-youtube wp-block-embed-youtube wp-embed-aspect-16-9 wp-has-aspect-ratio\"><div class=\"wp-block-embed__wrapper\">\n<div class=\"ast-oembed-container \" style=\"height: 100%;\"><iframe loading=\"lazy\" title=\"Le BTS NDRC - Thotis\" width=\"500\" height=\"281\" src=\"https:\/\/www.youtube.com\/embed\/OaLBP1WUR9Y?feature=oembed\" frameborder=\"0\" allow=\"accelerometer; autoplay; clipboard-write; encrypted-media; gyroscope; picture-in-picture; web-share\" referrerpolicy=\"strict-origin-when-cross-origin\" allowfullscreen><\/iframe><\/div>\n<\/div><\/figure>\n\n\n\n<div class=\"wp-block-buttons is-layout-flex wp-block-buttons-is-layout-flex\"><\/div>\n\n\n\n<p><a href=\"https:\/\/www.musso.louisst.o2switch.site\/blog\/formation\/\" data-type=\"page\" data-id=\"15\">Lien vers ma formation <\/a><\/p>\n\n\n\n<p><\/p>\n","protected":false},"excerpt":{"rendered":"<p>Je m&rsquo;appelle Audrey MUSSO et je suis actuellement en pr\u00e9paration du BTS NDRC (N\u00e9gociation et Digitalisation de la Relation Client). [&hellip;]<\/p>\n","protected":false},"author":1,"featured_media":0,"parent":0,"menu_order":0,"comment_status":"closed","ping_status":"closed","template":"","meta":{"_uag_custom_page_level_css":"","site-sidebar-layout":"default","site-content-layout":"","ast-site-content-layout":"default","site-content-style":"default","site-sidebar-style":"default","ast-global-header-display":"","ast-banner-title-visibility":"","ast-main-header-display":"","ast-hfb-above-header-display":"","ast-hfb-below-header-display":"","ast-hfb-mobile-header-display":"","site-post-title":"","ast-breadcrumbs-content":"","ast-featured-img":"","footer-sml-layout":"","theme-transparent-header-meta":"","adv-header-id-meta":"","stick-header-meta":"","header-above-stick-meta":"","header-main-stick-meta":"","header-below-stick-meta":"","astra-migrate-meta-layouts":"default","ast-page-background-enabled":"default","ast-page-background-meta":{"desktop":{"background-color":"var(--ast-global-color-4)","background-image":"","background-repeat":"repeat","background-position":"center center","background-size":"auto","background-attachment":"scroll","background-type":"","background-media":"","overlay-type":"","overlay-color":"","overlay-opacity":"","overlay-gradient":""},"tablet":{"background-color":"","background-image":"","background-repeat":"repeat","background-position":"center center","background-size":"auto","background-attachment":"scroll","background-type":"","background-media":"","overlay-type":"","overlay-color":"","overlay-opacity":"","overlay-gradient":""},"mobile":{"background-color":"","background-image":"","background-repeat":"repeat","background-position":"center center","background-size":"auto","background-attachment":"scroll","background-type":"","background-media":"","overlay-type":"","overlay-color":"","overlay-opacity":"","overlay-gradient":""}},"ast-content-background-meta":{"desktop":{"background-color":"var(--ast-global-color-5)","background-image":"","background-repeat":"repeat","background-position":"center center","background-size":"auto","background-attachment":"scroll","background-type":"","background-media":"","overlay-type":"","overlay-color":"","overlay-opacity":"","overlay-gradient":""},"tablet":{"background-color":"var(--ast-global-color-5)","background-image":"","background-repeat":"repeat","background-position":"center center","background-size":"auto","background-attachment":"scroll","background-type":"","background-media":"","overlay-type":"","overlay-color":"","overlay-opacity":"","overlay-gradient":""},"mobile":{"background-color":"var(--ast-global-color-5)","background-image":"","background-repeat":"repeat","background-position":"center center","background-size":"auto","background-attachment":"scroll","background-type":"","background-media":"","overlay-type":"","overlay-color":"","overlay-opacity":"","overlay-gradient":""}},"footnotes":""},"class_list":["post-17","page","type-page","status-publish","hentry"],"uagb_featured_image_src":{"full":false,"thumbnail":false,"medium":false,"medium_large":false,"large":false,"1536x1536":false,"2048x2048":false},"uagb_author_info":{"display_name":"admin","author_link":"https:\/\/www.musso.louisst.o2switch.site\/blog\/author\/admin\/"},"uagb_comment_info":0,"uagb_excerpt":"Je m&rsquo;appelle Audrey MUSSO et je suis actuellement en pr\u00e9paration du BTS NDRC (N\u00e9gociation et Digitalisation de la Relation Client). [&hellip;]","_links":{"self":[{"href":"https:\/\/www.musso.louisst.o2switch.site\/blog\/wp-json\/wp\/v2\/pages\/17","targetHints":{"allow":["GET"]}}],"collection":[{"href":"https:\/\/www.musso.louisst.o2switch.site\/blog\/wp-json\/wp\/v2\/pages"}],"about":[{"href":"https:\/\/www.musso.louisst.o2switch.site\/blog\/wp-json\/wp\/v2\/types\/page"}],"author":[{"embeddable":true,"href":"https:\/\/www.musso.louisst.o2switch.site\/blog\/wp-json\/wp\/v2\/users\/1"}],"replies":[{"embeddable":true,"href":"https:\/\/www.musso.louisst.o2switch.site\/blog\/wp-json\/wp\/v2\/comments?post=17"}],"version-history":[{"count":5,"href":"https:\/\/www.musso.louisst.o2switch.site\/blog\/wp-json\/wp\/v2\/pages\/17\/revisions"}],"predecessor-version":[{"id":120,"href":"https:\/\/www.musso.louisst.o2switch.site\/blog\/wp-json\/wp\/v2\/pages\/17\/revisions\/120"}],"wp:attachment":[{"href":"https:\/\/www.musso.louisst.o2switch.site\/blog\/wp-json\/wp\/v2\/media?parent=17"}],"curies":[{"name":"wp","href":"https:\/\/api.w.org\/{rel}","templated":true}]}}