{"id":86,"date":"2025-09-18T09:25:25","date_gmt":"2025-09-18T09:25:25","guid":{"rendered":"https:\/\/www.musso.louisst.o2switch.site\/ddg\/?page_id=86"},"modified":"2025-10-08T16:36:35","modified_gmt":"2025-10-08T16:36:35","slug":"contact","status":"publish","type":"page","link":"https:\/\/www.musso.louisst.o2switch.site\/ddg\/contact\/","title":{"rendered":"Contact"},"content":{"rendered":"\n<div class=\"wp-block-uagb-forms uagb-forms__outer-wrap uagb-block-f80369c0 uagb-forms__medium-btn\"><form class=\"uagb-forms-main-form\" method=\"post\" autocomplete=\"on\" name=\"uagb-form-f80369c0\">\n<div class=\"wp-block-uagb-forms-name uagb-forms-name-wrap uagb-forms-field-set uagb-block-fdefcb7b\"><div class=\"uagb-forms-name-label required uagb-forms-input-label\" id=\"fdefcb7b\">Pr\u00e9nom<\/div><input type=\"text\" placeholder=\"Laura\" required class=\"uagb-forms-name-input uagb-forms-input\" name=\"fdefcb7b\" autocomplete=\"given-name\"\/><\/div>\n\n\n\n<div class=\"wp-block-uagb-forms-name uagb-forms-name-wrap uagb-forms-field-set uagb-block-4cc50bd6\"><div class=\"uagb-forms-name-label required uagb-forms-input-label\" id=\"4cc50bd6\">Nom<\/div><input type=\"text\" placeholder=\"Dupond\" required class=\"uagb-forms-name-input uagb-forms-input\" name=\"4cc50bd6\" autocomplete=\"family-name\"\/><\/div>\n\n\n\n<div class=\"wp-block-uagb-forms-email uagb-forms-email-wrap uagb-forms-field-set uagb-block-01a1a1b6\"><div class=\"uagb-forms-email-label required uagb-forms-input-label\" id=\"01a1a1b6\">Email<\/div><input type=\"email\" class=\"uagb-forms-email-input uagb-forms-input\" placeholder=\"exemple@mail.com\" required name=\"01a1a1b6\" autocomplete=\"email\"\/><\/div>\n\n\n\n<div class=\"wp-block-uagb-forms-email uagb-forms-email-wrap uagb-forms-field-set uagb-block-86f94c7f\"><div class=\"uagb-forms-email-label required uagb-forms-input-label\" id=\"86f94c7f\">T\u00e9l\u00e9phone<\/div><input type=\"email\" class=\"uagb-forms-email-input uagb-forms-input\" placeholder=\"\" required name=\"86f94c7f\" autocomplete=\"email\"\/><\/div>\n\n\n\n<div class=\"wp-block-uagb-forms-email uagb-forms-email-wrap uagb-forms-field-set uagb-block-cec12546\"><div class=\"uagb-forms-email-label required uagb-forms-input-label\" id=\"cec12546\">Souhaitez-vous \u00eatre inform\u00e9(e) de nos nouveaut\u00e9s ou \u00e9v\u00e8nements \u00e0 Lyon ?<\/div><input type=\"email\" class=\"uagb-forms-email-input uagb-forms-input\" placeholder=\"oui\/non\" required name=\"cec12546\" autocomplete=\"email\"\/><\/div>\n\n\n\n<div class=\"wp-block-uagb-forms-textarea uagb-forms-textarea-wrap uagb-forms-field-set uagb-block-ed1c2703\"><div class=\"uagb-forms-textarea-label  uagb-forms-input-label\" id=\"ed1c2703\">Avez-vous des questions ? <\/div><textarea class=\"uagb-forms-textarea-input uagb-forms-input\" rows=\"4\" placeholder=\"Entrez votre message\" name=\"ed1c2703\" autocomplete=\"off\"><\/textarea><\/div>\n<div class=\"uagb-forms-form-hidden-data\"><input type=\"hidden\" class=\"uagb_forms_form_label\" value=\"Spectra Form\"\/><input type=\"hidden\" class=\"uagb_forms_form_id\" value=\"uagb-form-f80369c0\"\/><\/div><div class=\"uagb-form-reacaptcha-error-f80369c0\"><\/div><div class=\"uagb-forms-main-submit-button-wrap wp-block-button\"><button class=\"uagb-forms-main-submit-button wp-block-button__link\"><div class=\"uagb-forms-main-submit-button-text\">Entrer<\/div><\/button><\/div><\/form><div class=\"uagb-forms-success-message-f80369c0 uagb-forms-submit-message-hide\"><span>The form has been submitted successfully!<\/span><\/div><div class=\"uagb-forms-failed-message-f80369c0 uagb-forms-submit-message-hide\"><span>There has been some error while submitting the form. Please verify all form fields again.<\/span><\/div><\/div>\n\n\n\n<h2 class=\"wp-block-heading has-text-align-center\">Notre boutique<\/h2>\n\n\n\n<div class=\"wp-block-uagb-container uagb-block-013f2269 alignfull uagb-is-root-container\"><div class=\"uagb-container-inner-blocks-wrap\">\n<div class=\"wp-block-uagb-container uagb-block-95ff47b6\">\t\t\t<div \n\t\t\tclass=\"wp-block-uagb-google-map uagb-google-map__wrap uagb-block-a5127563     \"\n\t\t\tstyle=\"\" >\n\t\t\t\t<embed\n\t\t\t\t\tclass=\"uagb-google-map__iframe\"\n\t\t\t\t\ttitle=\"Carte Google pour \"\n\t\t\t\t\tsrc=\"https:\/\/maps.google.com\/maps?q=27%20rue%20saint%20jean%2069005%20Lyon&#038;z=12&#038;hl=fr&#038;t=m&#038;output=embed&#038;iwloc=near\"\n\t\t\t\t\twidth=\"640\"\n\t\t\t\t\theight=\"300\"\n\t\t\t\t\tloading=\"lazy\"\n\t\t\t\t><\/embed>\n\t\t\t<\/div>\n\t\t\t<\/div>\n\n\n\n<div class=\"wp-block-uagb-container uagb-block-462af62e\">\n<p>\ud83d\udd66Horaires: Du Mardi au Dimanche inclus: 10h-19h.                                                                              Fermeture le Lundi<\/p>\n\n\n\n<p>\ud83d\udccd 27 Rue Saint-Jean- 69005 Lyon<\/p>\n<\/div>\n<\/div><\/div>\n","protected":false},"excerpt":{"rendered":"<p>Notre boutique \ud83d\udd66Horaires: Du Mardi au Dimanche inclus: 10h-19h. Fermeture le Lundi \ud83d\udccd 27 Rue Saint-Jean- 69005 Lyon<\/p>\n","protected":false},"author":1,"featured_media":0,"parent":0,"menu_order":0,"comment_status":"closed","ping_status":"closed","template":"","meta":{"_uag_custom_page_level_css":"","site-sidebar-layout":"default","site-content-layout":"","ast-site-content-layout":"default","site-content-style":"default","site-sidebar-style":"default","ast-global-header-display":"","ast-banner-title-visibility":"","ast-main-header-display":"","ast-hfb-above-header-display":"","ast-hfb-below-header-display":"","ast-hfb-mobile-header-display":"","site-post-title":"","ast-breadcrumbs-content":"","ast-featured-img":"","footer-sml-layout":"","theme-transparent-header-meta":"","adv-header-id-meta":"","stick-header-meta":"","header-above-stick-meta":"","header-main-stick-meta":"","header-below-stick-meta":"","astra-migrate-meta-layouts":"default","ast-page-background-enabled":"default","ast-page-background-meta":{"desktop":{"background-color":"var(--ast-global-color-5)","background-image":"","background-repeat":"repeat","background-position":"center center","background-size":"auto","background-attachment":"scroll","background-type":"","background-media":"","overlay-type":"","overlay-color":"","overlay-opacity":"","overlay-gradient":""},"tablet":{"background-color":"","background-image":"","background-repeat":"repeat","background-position":"center center","background-size":"auto","background-attachment":"scroll","background-type":"","background-media":"","overlay-type":"","overlay-color":"","overlay-opacity":"","overlay-gradient":""},"mobile":{"background-color":"","background-image":"","background-repeat":"repeat","background-position":"center center","background-size":"auto","background-attachment":"scroll","background-type":"","background-media":"","overlay-type":"","overlay-color":"","overlay-opacity":"","overlay-gradient":""}},"ast-content-background-meta":{"desktop":{"background-color":"var(--ast-global-color-4)","background-image":"","background-repeat":"repeat","background-position":"center center","background-size":"auto","background-attachment":"scroll","background-type":"","background-media":"","overlay-type":"","overlay-color":"","overlay-opacity":"","overlay-gradient":""},"tablet":{"background-color":"var(--ast-global-color-4)","background-image":"","background-repeat":"repeat","background-position":"center center","background-size":"auto","background-attachment":"scroll","background-type":"","background-media":"","overlay-type":"","overlay-color":"","overlay-opacity":"","overlay-gradient":""},"mobile":{"background-color":"var(--ast-global-color-4)","background-image":"","background-repeat":"repeat","background-position":"center center","background-size":"auto","background-attachment":"scroll","background-type":"","background-media":"","overlay-type":"","overlay-color":"","overlay-opacity":"","overlay-gradient":""}},"footnotes":""},"class_list":["post-86","page","type-page","status-publish","hentry"],"yoast_head":"<!-- This site is optimized with the Yoast SEO plugin v26.5 - https:\/\/yoast.com\/wordpress\/plugins\/seo\/ -->\n<title>Contact - Les d\u00e9lices des Gones<\/title>\n<meta name=\"robots\" content=\"index, follow, max-snippet:-1, max-image-preview:large, max-video-preview:-1\" \/>\n<link rel=\"canonical\" href=\"https:\/\/www.musso.louisst.o2switch.site\/ddg\/contact\/\" \/>\n<meta property=\"og:locale\" content=\"fr_FR\" \/>\n<meta property=\"og:type\" content=\"article\" \/>\n<meta property=\"og:title\" content=\"Contact - Les d\u00e9lices des Gones\" \/>\n<meta property=\"og:description\" content=\"Notre boutique \ud83d\udd66Horaires: Du Mardi au Dimanche inclus: 10h-19h. Fermeture le Lundi \ud83d\udccd 27 Rue Saint-Jean- 69005 Lyon\" \/>\n<meta property=\"og:url\" content=\"https:\/\/www.musso.louisst.o2switch.site\/ddg\/contact\/\" \/>\n<meta property=\"og:site_name\" content=\"Les d\u00e9lices des Gones\" \/>\n<meta property=\"article:modified_time\" content=\"2025-10-08T16:36:35+00:00\" \/>\n<meta name=\"twitter:card\" content=\"summary_large_image\" \/>\n<script type=\"application\/ld+json\" class=\"yoast-schema-graph\">{\"@context\":\"https:\/\/schema.org\",\"@graph\":[{\"@type\":\"WebPage\",\"@id\":\"https:\/\/www.musso.louisst.o2switch.site\/ddg\/contact\/\",\"url\":\"https:\/\/www.musso.louisst.o2switch.site\/ddg\/contact\/\",\"name\":\"Contact - Les d\u00e9lices des Gones\",\"isPartOf\":{\"@id\":\"https:\/\/www.musso.louisst.o2switch.site\/ddg\/#website\"},\"datePublished\":\"2025-09-18T09:25:25+00:00\",\"dateModified\":\"2025-10-08T16:36:35+00:00\",\"breadcrumb\":{\"@id\":\"https:\/\/www.musso.louisst.o2switch.site\/ddg\/contact\/#breadcrumb\"},\"inLanguage\":\"fr-FR\",\"potentialAction\":[{\"@type\":\"ReadAction\",\"target\":[\"https:\/\/www.musso.louisst.o2switch.site\/ddg\/contact\/\"]}]},{\"@type\":\"BreadcrumbList\",\"@id\":\"https:\/\/www.musso.louisst.o2switch.site\/ddg\/contact\/#breadcrumb\",\"itemListElement\":[{\"@type\":\"ListItem\",\"position\":1,\"name\":\"Accueil\",\"item\":\"https:\/\/www.musso.louisst.o2switch.site\/ddg\/\"},{\"@type\":\"ListItem\",\"position\":2,\"name\":\"Contact\"}]},{\"@type\":\"WebSite\",\"@id\":\"https:\/\/www.musso.louisst.o2switch.site\/ddg\/#website\",\"url\":\"https:\/\/www.musso.louisst.o2switch.site\/ddg\/\",\"name\":\"Les d\u00e9lices des Gones\",\"description\":\"Savourez les sp\u00e9cialit\u00e9s lyonnaises faites maison\",\"publisher\":{\"@id\":\"https:\/\/www.musso.louisst.o2switch.site\/ddg\/#organization\"},\"potentialAction\":[{\"@type\":\"SearchAction\",\"target\":{\"@type\":\"EntryPoint\",\"urlTemplate\":\"https:\/\/www.musso.louisst.o2switch.site\/ddg\/?s={search_term_string}\"},\"query-input\":{\"@type\":\"PropertyValueSpecification\",\"valueRequired\":true,\"valueName\":\"search_term_string\"}}],\"inLanguage\":\"fr-FR\"},{\"@type\":\"Organization\",\"@id\":\"https:\/\/www.musso.louisst.o2switch.site\/ddg\/#organization\",\"name\":\"Les d\u00e9lices des Gones\",\"url\":\"https:\/\/www.musso.louisst.o2switch.site\/ddg\/\",\"logo\":{\"@type\":\"ImageObject\",\"inLanguage\":\"fr-FR\",\"@id\":\"https:\/\/www.musso.louisst.o2switch.site\/ddg\/#\/schema\/logo\/image\/\",\"url\":\"https:\/\/www.musso.louisst.o2switch.site\/ddg\/wp-content\/uploads\/2025\/09\/cropped-wp-logo-d.png\",\"contentUrl\":\"https:\/\/www.musso.louisst.o2switch.site\/ddg\/wp-content\/uploads\/2025\/09\/cropped-wp-logo-d.png\",\"width\":388,\"height\":232,\"caption\":\"Les d\u00e9lices des Gones\"},\"image\":{\"@id\":\"https:\/\/www.musso.louisst.o2switch.site\/ddg\/#\/schema\/logo\/image\/\"}}]}<\/script>\n<!-- \/ Yoast SEO plugin. -->","yoast_head_json":{"title":"Contact - Les d\u00e9lices des Gones","robots":{"index":"index","follow":"follow","max-snippet":"max-snippet:-1","max-image-preview":"max-image-preview:large","max-video-preview":"max-video-preview:-1"},"canonical":"https:\/\/www.musso.louisst.o2switch.site\/ddg\/contact\/","og_locale":"fr_FR","og_type":"article","og_title":"Contact - Les d\u00e9lices des Gones","og_description":"Notre boutique \ud83d\udd66Horaires: Du Mardi au Dimanche inclus: 10h-19h. Fermeture le Lundi \ud83d\udccd 27 Rue Saint-Jean- 69005 Lyon","og_url":"https:\/\/www.musso.louisst.o2switch.site\/ddg\/contact\/","og_site_name":"Les d\u00e9lices des Gones","article_modified_time":"2025-10-08T16:36:35+00:00","twitter_card":"summary_large_image","schema":{"@context":"https:\/\/schema.org","@graph":[{"@type":"WebPage","@id":"https:\/\/www.musso.louisst.o2switch.site\/ddg\/contact\/","url":"https:\/\/www.musso.louisst.o2switch.site\/ddg\/contact\/","name":"Contact - Les d\u00e9lices des Gones","isPartOf":{"@id":"https:\/\/www.musso.louisst.o2switch.site\/ddg\/#website"},"datePublished":"2025-09-18T09:25:25+00:00","dateModified":"2025-10-08T16:36:35+00:00","breadcrumb":{"@id":"https:\/\/www.musso.louisst.o2switch.site\/ddg\/contact\/#breadcrumb"},"inLanguage":"fr-FR","potentialAction":[{"@type":"ReadAction","target":["https:\/\/www.musso.louisst.o2switch.site\/ddg\/contact\/"]}]},{"@type":"BreadcrumbList","@id":"https:\/\/www.musso.louisst.o2switch.site\/ddg\/contact\/#breadcrumb","itemListElement":[{"@type":"ListItem","position":1,"name":"Accueil","item":"https:\/\/www.musso.louisst.o2switch.site\/ddg\/"},{"@type":"ListItem","position":2,"name":"Contact"}]},{"@type":"WebSite","@id":"https:\/\/www.musso.louisst.o2switch.site\/ddg\/#website","url":"https:\/\/www.musso.louisst.o2switch.site\/ddg\/","name":"Les d\u00e9lices des Gones","description":"Savourez les sp\u00e9cialit\u00e9s lyonnaises faites maison","publisher":{"@id":"https:\/\/www.musso.louisst.o2switch.site\/ddg\/#organization"},"potentialAction":[{"@type":"SearchAction","target":{"@type":"EntryPoint","urlTemplate":"https:\/\/www.musso.louisst.o2switch.site\/ddg\/?s={search_term_string}"},"query-input":{"@type":"PropertyValueSpecification","valueRequired":true,"valueName":"search_term_string"}}],"inLanguage":"fr-FR"},{"@type":"Organization","@id":"https:\/\/www.musso.louisst.o2switch.site\/ddg\/#organization","name":"Les d\u00e9lices des Gones","url":"https:\/\/www.musso.louisst.o2switch.site\/ddg\/","logo":{"@type":"ImageObject","inLanguage":"fr-FR","@id":"https:\/\/www.musso.louisst.o2switch.site\/ddg\/#\/schema\/logo\/image\/","url":"https:\/\/www.musso.louisst.o2switch.site\/ddg\/wp-content\/uploads\/2025\/09\/cropped-wp-logo-d.png","contentUrl":"https:\/\/www.musso.louisst.o2switch.site\/ddg\/wp-content\/uploads\/2025\/09\/cropped-wp-logo-d.png","width":388,"height":232,"caption":"Les d\u00e9lices des Gones"},"image":{"@id":"https:\/\/www.musso.louisst.o2switch.site\/ddg\/#\/schema\/logo\/image\/"}}]}},"uagb_featured_image_src":{"full":false,"thumbnail":false,"medium":false,"medium_large":false,"large":false,"1536x1536":false,"2048x2048":false},"uagb_author_info":{"display_name":"admin","author_link":"https:\/\/www.musso.louisst.o2switch.site\/ddg\/author\/admin\/"},"uagb_comment_info":0,"uagb_excerpt":"Notre boutique \ud83d\udd66Horaires: Du Mardi au Dimanche inclus: 10h-19h. Fermeture le Lundi \ud83d\udccd 27 Rue Saint-Jean- 69005 Lyon","_links":{"self":[{"href":"https:\/\/www.musso.louisst.o2switch.site\/ddg\/wp-json\/wp\/v2\/pages\/86","targetHints":{"allow":["GET"]}}],"collection":[{"href":"https:\/\/www.musso.louisst.o2switch.site\/ddg\/wp-json\/wp\/v2\/pages"}],"about":[{"href":"https:\/\/www.musso.louisst.o2switch.site\/ddg\/wp-json\/wp\/v2\/types\/page"}],"author":[{"embeddable":true,"href":"https:\/\/www.musso.louisst.o2switch.site\/ddg\/wp-json\/wp\/v2\/users\/1"}],"replies":[{"embeddable":true,"href":"https:\/\/www.musso.louisst.o2switch.site\/ddg\/wp-json\/wp\/v2\/comments?post=86"}],"version-history":[{"count":4,"href":"https:\/\/www.musso.louisst.o2switch.site\/ddg\/wp-json\/wp\/v2\/pages\/86\/revisions"}],"predecessor-version":[{"id":258,"href":"https:\/\/www.musso.louisst.o2switch.site\/ddg\/wp-json\/wp\/v2\/pages\/86\/revisions\/258"}],"wp:attachment":[{"href":"https:\/\/www.musso.louisst.o2switch.site\/ddg\/wp-json\/wp\/v2\/media?parent=86"}],"curies":[{"name":"wp","href":"https:\/\/api.w.org\/{rel}","templated":true}]}}